{"id":12228,"date":"2022-02-01T22:14:12","date_gmt":"2022-02-02T04:14:12","guid":{"rendered":"https:\/\/www.aprendamandarin.com\/?page_id=12228"},"modified":"2024-03-20T16:32:17","modified_gmt":"2024-03-20T22:32:17","slug":"reglamento-de-pago","status":"publish","type":"page","link":"https:\/\/www.aprendamandarin.com\/en\/reglamento-de-pago\/","title":{"rendered":"Payment Regulations"},"content":{"rendered":"<div data-elementor-type=\"wp-page\" data-elementor-id=\"12228\" class=\"elementor elementor-12228\" data-elementor-post-type=\"page\">\n\t\t\t\t\t\t<section class=\"elementor-section elementor-top-section elementor-element elementor-element-a83d7b0 elementor-section-height-min-height elementor-section-boxed elementor-section-height-default elementor-section-items-middle\" data-id=\"a83d7b0\" data-element_type=\"section\">\n\t\t\t\t\t\t<div class=\"elementor-container elementor-column-gap-default\">\n\t\t\t\t\t<div class=\"elementor-column elementor-col-100 elementor-top-column elementor-element elementor-element-08e00ff\" data-id=\"08e00ff\" data-element_type=\"column\">\n\t\t\t<div class=\"elementor-widget-wrap\">\n\t\t\t\t\t\t\t<\/div>\n\t\t<\/div>\n\t\t\t\t\t<\/div>\n\t\t<\/section>\n\t\t\t\t<section class=\"elementor-section elementor-top-section elementor-element elementor-element-40fb447 elementor-section-boxed elementor-section-height-default elementor-section-height-default\" data-id=\"40fb447\" data-element_type=\"section\">\n\t\t\t\t\t\t<div class=\"elementor-container elementor-column-gap-default\">\n\t\t\t\t\t<div class=\"elementor-column elementor-col-100 elementor-top-column elementor-element elementor-element-4d103fb\" data-id=\"4d103fb\" data-element_type=\"column\">\n\t\t\t<div class=\"elementor-widget-wrap elementor-element-populated\">\n\t\t\t\t\t\t<div class=\"elementor-element elementor-element-5d197da elementor-widget elementor-widget-heading\" data-id=\"5d197da\" data-element_type=\"widget\" data-widget_type=\"heading.default\">\n\t\t\t\t<div class=\"elementor-widget-container\">\n\t\t\t\t\t<h2 class=\"elementor-heading-title elementor-size-default\">Payment Regulations <\/h2>\t\t\t\t<\/div>\n\t\t\t\t<\/div>\n\t\t\t\t<div class=\"elementor-element elementor-element-c5e4530 elementor-align-center elementor-widget elementor-widget-button\" data-id=\"c5e4530\" data-element_type=\"widget\" data-widget_type=\"button.default\">\n\t\t\t\t<div class=\"elementor-widget-container\">\n\t\t\t\t\t\t\t\t\t<div class=\"elementor-button-wrapper\">\n\t\t\t\t\t<a class=\"elementor-button elementor-button-link elementor-size-sm\" href=\"#elementor-action%3Aaction%3Dpopup%3Aopen%26settings%3DeyJpZCI6IjEyMTYzIiwidG9nZ2xlIjpmYWxzZX0%3D\">\n\t\t\t\t\t\t<span class=\"elementor-button-content-wrapper\">\n\t\t\t\t\t\t\t\t\t<span class=\"elementor-button-text\">Ver cuentas bancarias<\/span>\n\t\t\t\t\t<\/span>\n\t\t\t\t\t<\/a>\n\t\t\t\t<\/div>\n\t\t\t\t\t\t\t\t<\/div>\n\t\t\t\t<\/div>\n\t\t\t\t<div class=\"elementor-element elementor-element-b9d9464 elementor-widget-divider--view-line elementor-widget elementor-widget-divider\" data-id=\"b9d9464\" data-element_type=\"widget\" data-widget_type=\"divider.default\">\n\t\t\t\t<div class=\"elementor-widget-container\">\n\t\t\t\t\t\t\t<div class=\"elementor-divider\">\n\t\t\t<span class=\"elementor-divider-separator\">\n\t\t\t\t\t\t<\/span>\n\t\t<\/div>\n\t\t\t\t\t\t<\/div>\n\t\t\t\t<\/div>\n\t\t\t\t<div class=\"elementor-element elementor-element-49160f3 elementor-widget elementor-widget-text-editor\" data-id=\"49160f3\" data-element_type=\"widget\" data-widget_type=\"text-editor.default\">\n\t\t\t\t<div class=\"elementor-widget-container\">\n\t\t\t\t\t\t\t\t\t<h3>1. Valor del trimestre<\/h3><p>El valor de los trimestres es de $350 IVA incluido (Trescientos cincuenta d\u00f3lares estadounidenses exactos) y la tarifa para el pago en colones debe de ser confirmada con la administraci\u00f3n, debido al fluctuante precio del d\u00f3lar estadounidense.<\/p><h4>1.1 Formas de pago<\/h4><p>The forms of payment available at the institute are:<br \/>\u2022 Pago en efectivo<br \/>\u2022 Transferencia bancaria<br \/>\u2022 Dep\u00f3sito bancario<br \/>\u2022 Pago mediante figura de pagar\u00e9 \/ letra de cambio.<\/p><p><strong>Cash payment:<\/strong>\u00a0 It corresponds to the payment made directly at the institute&#039;s headquarters.<\/p><p>There is a TWO WEEK grace period to cancel and avoid the application of the corresponding interest, in case of not canceling within the established term.<br \/><strong>Wire transfer:\u00a0<\/strong> se refiere a la transferencia de dinero a las cuentas habilitadas por el instituto mediante los servicios en l\u00ednea de los bancos. (Debe reportarse la transferencia mediante el env\u00edo del comprobante o pantallazo del mismo al correo institutoconfucio@aprendamandarin.com o al WhatsApp del instituto 6401-8514)<\/p><p><strong>Bank deposit:<\/strong>\u00a0 procedure carried out in banks by depositing money into the institute&#039;s accounts.<\/p><p>When the term is canceled either by transfer or bank deposit, it is required to indicate the name of the student, and send us the proof of the transaction via email or WhatsApp.<\/p><p><strong>Promissory note \/ bill of exchange:\u00a0<\/strong> pago mediante 3 cuotas mensuales de $120 d\u00f3lares cada cuota, (esta modalidad de pago ha sido habilitada debido a la emergencia nacional del COVID-19 y su aplicaci\u00f3n y vigencia ser\u00e1 TEMPORAL), deben de respetarse los plazos establecidos para el pago de manera puntual, de lo contrario se aplicar\u00e1n los mecanismos previstos por atraso en los pagos del presente reglamento.<\/p><h3>2. Incumplimiento en los pagos<\/h3><p>It refers to the non-cancellation of the trimesters of classes according to the available forms of payment and within the terms established by the institute for this purpose.<\/p><h4>2.1 Failure to pay (Cash payment methods)<\/h4><p>En caso de no cancelar lo correspondiente al valor del trimestre despu\u00e9s de quince d\u00edas, debe de firmarse un pagar\u00e9, el cual incluye un 5% de inter\u00e9s, adem\u00e1s se deber\u00e1 de definir la fecha en la que se realizar\u00e1 el pago.<br \/>The applicable percentage after two months of delay after the signing of the promissory note will be a 10% and if the third month has not been paid the interest percentage will be a 20%, in case the quarter has ended and the value of the same has not been canceled , the percentage will be 25% on the value of the quarter for each month of delay.<br \/>En caso de no cancelar a tiempo se corre con el riesgo de llegar a cobro judicial, para evitar lo anterior es importante respetar el compromiso adquirido al firmar el pagar\u00e9 y el hecho de abandonar el trimestre NO lo exonera de pagar las obligaciones adquiridas en la firma del pagar\u00e9.<\/p><p>Finally, it is clarified that in case the quarter has been canceled and the student leaves the course without having concluded, no type of money refund can be made.<\/p><h4>2.2 Failure to pay (Payment methods promissory note \/ bill of exchange)<\/h4><p>The installments must be paid on the dates indicated in the promissory note, people who do not cancel the first installment, after the payment date has expired, an interest of 5% will be applied, in the event that the same situation persists, an interest 10% will be applied and if the case lasts until the third month, the percentage of increase will be 20%, in case the quarter has ended and the value of the same has not been canceled, the percentage will be 25% over the value of the quarter and will accumulate for each month delay. <br \/>In case of not canceling on time with what is stipulated in the promissory note, there is a risk of reaching judicial collection, to avoid the foregoing it is important to respect the commitment acquired when signing the bill of exchange and the promissory note, the fact of leaving the quarter it does not exempt you from paying the obligations acquired in the signing of the promissory note.<\/p><h3>3. Descuentos aplicables<\/h3><p>A 5% discount will be applied on the total value of the quarter and only to students who enroll with more than one additional person during the same enrollment period (family members), the discount applies ONLY to payments received in cash or transfers.<\/p><h3>4. Otras disposiciones<\/h3><p>\u2022 Para la entrega de los libros, certificaciones o t\u00edtulos de bloque al estudiante, es necesario estar al d\u00eda, seg\u00fan la forma de pago del trimestre seleccionada: un solo pago (totalidad del trimestre) o pagar\u00e9\/letra de cambio.<\/p><p>\u2022 En caso de que un estudiante se encuentre moroso con el pago del trimestre en cualquiera de sus modalidades, esto facultar\u00e1 al instituto a excluir a un estudiante de las clases virtuales de manera provisional hasta que se ponga al d\u00eda con el pago del trimestre, una vez se pague el trimestre o la cuota (seg\u00fan corresponda), se aplicar\u00e1 el inter\u00e9s correspondiente y el cobro del trimestre se mantiene, el instituto enviar\u00e1 el v\u00eddeo de la clase en la que el estudiante estuvo ausente por exclusi\u00f3n administrativa, para que pueda ponerse al d\u00eda.<\/p><p>\u2022 El Kung Tse Instituto Oriental Confucio no acostumbra congelar dinero recibido por concepto de pago del trimestre, salvo casos como que la instituci\u00f3n se vea imposibilitada a abrir un grupo.<\/p><p>\u2022 Se aclara que en caso se haya hecho la cancelaci\u00f3n del trimestre y el estudiante abandone el mismo sin haber concluido, NO SE PODR\u00c1 realizar ning\u00fan tipo de devoluci\u00f3n de dinero.<\/p><p>\u2022 En caso la direcci\u00f3n decida hacer la excepci\u00f3n de congelar un trimestre, ser\u00e1 UNICAMENTE por un trimestre.<\/p><p>\u2022 Bajo ninguna circunstancia se congelar\u00e1 un dinero recibido por concepto de trimestre de clases de mandar\u00edn si el plazo supera los tres meses.<\/p>\t\t\t\t\t\t\t\t<\/div>\n\t\t\t\t<\/div>\n\t\t\t\t<div class=\"elementor-element elementor-element-16ca2d5 elementor-align-center elementor-widget elementor-widget-button\" data-id=\"16ca2d5\" data-element_type=\"widget\" data-widget_type=\"button.default\">\n\t\t\t\t<div class=\"elementor-widget-container\">\n\t\t\t\t\t\t\t\t\t<div class=\"elementor-button-wrapper\">\n\t\t\t\t\t<a class=\"elementor-button elementor-button-link elementor-size-sm\" href=\"#elementor-action%3Aaction%3Dpopup%3Aopen%26settings%3DeyJpZCI6IjEyMTYzIiwidG9nZ2xlIjpmYWxzZX0%3D\">\n\t\t\t\t\t\t<span class=\"elementor-button-content-wrapper\">\n\t\t\t\t\t\t\t\t\t<span class=\"elementor-button-text\">Ver cuentas bancarias<\/span>\n\t\t\t\t\t<\/span>\n\t\t\t\t\t<\/a>\n\t\t\t\t<\/div>\n\t\t\t\t\t\t\t\t<\/div>\n\t\t\t\t<\/div>\n\t\t\t\t\t<\/div>\n\t\t<\/div>\n\t\t\t\t\t<\/div>\n\t\t<\/section>\n\t\t\t\t<\/div>","protected":false},"excerpt":{"rendered":"<p>Reglamento de pago Ver cuentas bancarias 1. Valor del trimestre El valor de los trimestres es de $350 IVA incluido (Trescientos cincuenta d\u00f3lares estadounidenses exactos) y la tarifa para el pago en colones debe de ser confirmada con la administraci\u00f3n, debido al fluctuante precio del d\u00f3lar estadounidense. 1.1 Formas de pago Las formas de pago [&hellip;]<\/p>\n","protected":false},"author":6,"featured_media":0,"parent":0,"menu_order":0,"comment_status":"closed","ping_status":"closed","template":"page-templates\/template-pagebuilder-full-width.php","meta":{"footnotes":""},"class_list":["post-12228","page","type-page","status-publish","hentry"],"_links":{"self":[{"href":"https:\/\/www.aprendamandarin.com\/en\/wp-json\/wp\/v2\/pages\/12228","targetHints":{"allow":["GET"]}}],"collection":[{"href":"https:\/\/www.aprendamandarin.com\/en\/wp-json\/wp\/v2\/pages"}],"about":[{"href":"https:\/\/www.aprendamandarin.com\/en\/wp-json\/wp\/v2\/types\/page"}],"author":[{"embeddable":true,"href":"https:\/\/www.aprendamandarin.com\/en\/wp-json\/wp\/v2\/users\/6"}],"replies":[{"embeddable":true,"href":"https:\/\/www.aprendamandarin.com\/en\/wp-json\/wp\/v2\/comments?post=12228"}],"version-history":[{"count":17,"href":"https:\/\/www.aprendamandarin.com\/en\/wp-json\/wp\/v2\/pages\/12228\/revisions"}],"predecessor-version":[{"id":12896,"href":"https:\/\/www.aprendamandarin.com\/en\/wp-json\/wp\/v2\/pages\/12228\/revisions\/12896"}],"wp:attachment":[{"href":"https:\/\/www.aprendamandarin.com\/en\/wp-json\/wp\/v2\/media?parent=12228"}],"curies":[{"name":"wp","href":"https:\/\/api.w.org\/{rel}","templated":true}]}}