{"id":9511,"date":"2021-11-11T22:27:28","date_gmt":"2021-11-11T22:27:28","guid":{"rendered":"https:\/\/www.aprendamandarin.com\/?post_type=product&#038;p=9511"},"modified":"2021-11-11T22:28:22","modified_gmt":"2021-11-11T22:28:22","slug":"sobres-rojos-%e7%ba%a2%e5%8c%85-traer-fortuna-para-inauguraciones-boda-cumpleanos","status":"publish","type":"product","link":"https:\/\/www.aprendamandarin.com\/zh_tw\/product\/sobres-rojos-%e7%ba%a2%e5%8c%85-traer-fortuna-para-inauguraciones-boda-cumpleanos\/","title":{"rendered":"Sobres rojos  \u7ea2\u5305  &#8211;  Traer fortuna, para inauguraciones, boda, cumplea\u00f1os"},"content":{"rendered":"","protected":false},"excerpt":{"rendered":"<p class=\"translation-block\">Los \u00ab<strong>sobres rojos<\/strong>\u00bb son regalos con dinero que se dan en reuniones familiares o sociales, como bodas, o en festividades como el a\u00f1o nuevo chino, y cumplea\u00f1os. El color <strong>rojo<\/strong> del <strong>sobre<\/strong> representa la buena fortuna y es un s\u00edmbolo de protecci\u00f3n contra malos esp\u00edritus.<\/p>\n<p><strong>CANTIDAD DEL PAQUETE : 22 SOBRES<\/strong><\/p>","protected":false},"featured_media":9493,"comment_status":"closed","ping_status":"closed","template":"","meta":[],"product_brand":[],"product_cat":[54],"product_tag":[],"class_list":{"0":"post-9511","1":"product","2":"type-product","3":"status-publish","4":"has-post-thumbnail","6":"product_cat-sin-categorizar","8":"first","9":"instock","10":"shipping-taxable","11":"purchasable","12":"product-type-simple"},"_links":{"self":[{"href":"https:\/\/www.aprendamandarin.com\/zh_tw\/wp-json\/wp\/v2\/product\/9511","targetHints":{"allow":["GET"]}}],"collection":[{"href":"https:\/\/www.aprendamandarin.com\/zh_tw\/wp-json\/wp\/v2\/product"}],"about":[{"href":"https:\/\/www.aprendamandarin.com\/zh_tw\/wp-json\/wp\/v2\/types\/product"}],"replies":[{"embeddable":true,"href":"https:\/\/www.aprendamandarin.com\/zh_tw\/wp-json\/wp\/v2\/comments?post=9511"}],"wp:featuredmedia":[{"embeddable":true,"href":"https:\/\/www.aprendamandarin.com\/zh_tw\/wp-json\/wp\/v2\/media\/9493"}],"wp:attachment":[{"href":"https:\/\/www.aprendamandarin.com\/zh_tw\/wp-json\/wp\/v2\/media?parent=9511"}],"wp:term":[{"taxonomy":"product_brand","embeddable":true,"href":"https:\/\/www.aprendamandarin.com\/zh_tw\/wp-json\/wp\/v2\/product_brand?post=9511"},{"taxonomy":"product_cat","embeddable":true,"href":"https:\/\/www.aprendamandarin.com\/zh_tw\/wp-json\/wp\/v2\/product_cat?post=9511"},{"taxonomy":"product_tag","embeddable":true,"href":"https:\/\/www.aprendamandarin.com\/zh_tw\/wp-json\/wp\/v2\/product_tag?post=9511"}],"curies":[{"name":"wp","href":"https:\/\/api.w.org\/{rel}","templated":true}]}}